{"id":2101,"date":"2025-01-03T13:19:52","date_gmt":"2025-01-03T13:19:52","guid":{"rendered":"https:\/\/escort-valentin.com\/?page_id=2101"},"modified":"2025-05-29T08:11:09","modified_gmt":"2025-05-29T08:11:09","slug":"preise","status":"publish","type":"page","link":"https:\/\/escort-valentin.com\/de\/preise\/","title":{"rendered":"Preise"},"content":{"rendered":"\n<div style=\"height:59px\" aria-hidden=\"true\" class=\"wp-block-spacer\"><\/div>\n\n\n<h2 class=\"wp-block-heading\" id=\"preise\">Preise<\/h2>\n\n\n<p>2h 600\u20ac*<\/p>\n\n\n\n<p>3h 800\u20ac*<\/p>\n\n\n\n<p>4h 1000\u20ac*<\/p>\n\n\n\n<p>L\u00e4ngere Sessions auf Anfrage<\/p>\n\n\n\n<p><strong>Dinner<\/strong><br>4h-5h 1000\u20ac*<\/p>\n\n\n\n<p><strong>Overnight<\/strong><br>2000\u20ac*<\/p>\n\n\n\n<p><strong>Wochenende<\/strong><br>2000\u20ac \u2013 5000\u20ac*<\/p>\n\n\n\n<p>* Hinzukommen eventuell Anfahrtskosten (von Berlin aus), Zimmer und Verpflegung.<\/p>\n\n\n<h2 class=\"wp-block-heading\" id=\"verfuegbarkeit\">Verf\u00fcgbarkeit<\/h2>\n\n\n<p>Ich biete Verabredungen ab 2 Stunden an. Ich vereinbare unsere Treffen gerne mit genug Zeit im Voraus, damit ich sie entspannt vorbereiten kann. Nat\u00fcrlich verstehe ich, dass das nicht immer m\u00f6glich ist. Ich freue mich auf Anfragen von mindestens 4 Stunden im Voraus. Sofern sich der Ort f\u00fcr die Buchung au\u00dferhalb Berlins befindet, bitte ich um entsprechend fr\u00fchzeitigere Meldung.<\/p>\n\n\n<h2 class=\"wp-block-heading\" id=\"bestaetigung-und-absage\">Best\u00e4tigung und Absage<\/h2>\n\n\n<p>Sobald wir unser Date vereinbart haben, gebe ich dir einen kurzen Zeitraum, in dem du deinen Termin verbindlich best\u00e4tigst.<br>Im Falle einer Absage, bitte ich dich, unser Treffen mindestens 24 Stunden im Voraus abzusagen, damit ich meine Pl\u00e4ne anpassen kann. Es ist vollkommen in Ordnung, unser Treffen abzusagen, gib einfach kurz Bescheid.<\/p>\n\n\n\n<div style=\"height:24px\" aria-hidden=\"true\" class=\"wp-block-spacer\"><\/div>\n\n\n\n<div class=\"wp-block-buttons transparent-hover-button is-content-justification-center is-layout-flex wp-container-core-buttons-is-layout-1 wp-block-buttons-is-layout-flex\" style=\"padding-right:var(--wp--preset--spacing--40);padding-left:var(--wp--preset--spacing--40)\">\n<div class=\"wp-block-button has-custom-font-size is-style-outline is-style-outline--2\" style=\"font-size:clamp(1.125rem, 1.125rem + ((1vw - 0.2rem) * 0.158), 1.22rem);\"><a class=\"wp-block-button__link has-contrast-color has-text-color has-link-color has-border-color has-contrast-border-color wp-element-button\" href=\"https:\/\/escort-valentin.com\/de\/kontakt\/\" style=\"border-width:1px;border-radius:100px;padding-right:var(--wp--preset--spacing--40);padding-left:var(--wp--preset--spacing--40)\">KONTAKT<\/a><\/div>\n<\/div>\n\n\n\n<div style=\"height:70px\" aria-hidden=\"true\" class=\"wp-block-spacer\"><\/div>\n","protected":false},"excerpt":{"rendered":"<p>Preise 2h 600\u20ac* 3h 800\u20ac* 4h 1000\u20ac* L\u00e4ngere Sessions auf Anfrage Dinner4h-5h 1000\u20ac* Overnight2000\u20ac* Wochenende2000\u20ac \u2013 5000\u20ac* * Hinzukommen eventuell Anfahrtskosten (von Berlin aus), Zimmer und Verpflegung. Verf\u00fcgbarkeit Ich biete Verabredungen ab 2 Stunden an. Ich vereinbare unsere Treffen gerne mit genug Zeit im Voraus, damit ich sie entspannt vorbereiten kann. Nat\u00fcrlich verstehe ich, dass [&hellip;]<\/p>\n","protected":false},"author":2,"featured_media":0,"parent":0,"menu_order":0,"comment_status":"closed","ping_status":"closed","template":"","meta":{"ub_ctt_via":"","footnotes":""},"class_list":["post-2101","page","type-page","status-publish","hentry"],"featured_image_src":null,"_links":{"self":[{"href":"https:\/\/escort-valentin.com\/de\/wp-json\/wp\/v2\/pages\/2101","targetHints":{"allow":["GET"]}}],"collection":[{"href":"https:\/\/escort-valentin.com\/de\/wp-json\/wp\/v2\/pages"}],"about":[{"href":"https:\/\/escort-valentin.com\/de\/wp-json\/wp\/v2\/types\/page"}],"author":[{"embeddable":true,"href":"https:\/\/escort-valentin.com\/de\/wp-json\/wp\/v2\/users\/2"}],"replies":[{"embeddable":true,"href":"https:\/\/escort-valentin.com\/de\/wp-json\/wp\/v2\/comments?post=2101"}],"version-history":[{"count":14,"href":"https:\/\/escort-valentin.com\/de\/wp-json\/wp\/v2\/pages\/2101\/revisions"}],"predecessor-version":[{"id":3591,"href":"https:\/\/escort-valentin.com\/de\/wp-json\/wp\/v2\/pages\/2101\/revisions\/3591"}],"wp:attachment":[{"href":"https:\/\/escort-valentin.com\/de\/wp-json\/wp\/v2\/media?parent=2101"}],"curies":[{"name":"wp","href":"https:\/\/api.w.org\/{rel}","templated":true}]}}