{"id":103,"date":"2024-07-29T12:08:00","date_gmt":"2024-07-29T12:08:00","guid":{"rendered":"https:\/\/escort-valentin.com\/?page_id=103"},"modified":"2025-05-29T08:49:24","modified_gmt":"2025-05-29T08:49:24","slug":"faq","status":"publish","type":"page","link":"https:\/\/escort-valentin.com\/de\/faq\/","title":{"rendered":"FAQ"},"content":{"rendered":"\n<div class=\"wp-block-cover alignfull is-light has-aspect-ratio wp-duotone-unset-2\" style=\"border-radius:3px;margin-top:0;margin-bottom:0;padding-top:0;padding-right:var(--wp--preset--spacing--20);padding-bottom:0;padding-left:var(--wp--preset--spacing--20);min-height:800px;aspect-ratio:22\/8;min-height:unset;\"><span aria-hidden=\"true\" class=\"wp-block-cover__background has-contrast-background-color has-background-dim-40 has-background-dim\"><\/span><div class=\"wp-block-cover__inner-container is-layout-flow wp-block-cover-is-layout-flow\">\n<p class=\"has-text-align-center has-large-font-size\"><\/p>\n<\/div><\/div>\n\n\n\n<div style=\"height:70px\" aria-hidden=\"true\" class=\"wp-block-spacer\"><\/div>\n\n\n\n<p style=\"font-size:clamp(1.125rem, 1.125rem + ((1vw - 0.2rem) * 0.158), 1.22rem);line-height:1.9\">Vielleicht hast du noch Fragen \u2013 oder sp\u00fcrst noch eine gewisse Nervosit\u00e4t. Und bist dir nicht sicher, ob du den Schritt wagen m\u00f6chtest. Das ist v\u00f6llig normal. Hier findest du eine Sammlung von Themen und Fragen, die mir immer wieder begegnen und mit denen du keineswegs allein bist. Und falls dar\u00fcber hinaus noch etwas offenbleibt: Melde dich jederzeit gern bei mir.<\/p>\n\n\n\n<div style=\"height:30px\" aria-hidden=\"true\" class=\"wp-block-spacer\"><\/div>\n\n\n\n<div class=\"wp-block-group alignfull has-global-padding is-layout-constrained wp-block-group-is-layout-constrained\">\n<div class=\"wp-block-group has-global-padding is-layout-constrained wp-container-core-group-is-layout-1 wp-block-group-is-layout-constrained\">\n<details class=\"wp-block-details is-layout-flow wp-container-core-details-is-layout-1 wp-block-details-is-layout-flow tw-has-icon\" style=\"border-bottom-width:1px;padding-top:20px;padding-bottom:20px\"><summary>Wann bin ich richtig bei dir?<svg class=\"details-arrow\" xmlns=\"http:\/\/www.w3.org\/2000\/svg\" width=\"24\" height=\"24\" viewBox=\"0 0 24 24\" version=\"1.1\" aria-hidden=\"true\" focusable=\"false\"><path d=\"m12 15.375-6-6 1.4-1.4 4.6 4.6 4.6-4.6 1.4 1.4-6 6Z\"><\/path><\/svg><\/summary>\n<p style=\"text-decoration:line-through\">Du bist richtig bei mir, wenn du nicht nur ein sch\u00f6nes Erlebnis suchst, sondern auch eine echte, pers\u00f6nliche Begegnung sp\u00fcren m\u00f6chtest \u2013 offen, ehrlich und voller Leichtigkeit. Ob sinnliche Massagen, sanfte Energiearbeit oder andere gemeinsame Erlebnisse. Ich \u00f6ffne und halte dabei den Raum, in dem du vollkommen entspannen und genie\u00dfen kannst.<\/p>\n\n\n\n<p>Allgemeiner einladen. Z.B.: &#8230; Wenn du eine authentische Begegnung suchst&#8230;<\/p>\n<\/details>\n\n\n\n<details class=\"wp-block-details is-layout-flow wp-container-core-details-is-layout-2 wp-block-details-is-layout-flow tw-has-icon\" style=\"border-bottom-width:1px;padding-top:20px;padding-bottom:20px\"><summary>Was kann ich selbst tun, damit es eine sch\u00f6ne Zeit wird?<svg class=\"details-arrow\" xmlns=\"http:\/\/www.w3.org\/2000\/svg\" width=\"24\" height=\"24\" viewBox=\"0 0 24 24\" version=\"1.1\" aria-hidden=\"true\" focusable=\"false\"><path d=\"m12 15.375-6-6 1.4-1.4 4.6 4.6 4.6-4.6 1.4 1.4-6 6Z\"><\/path><\/svg><\/summary>\n<p>Als Escort sorge ich daf\u00fcr, dass du dich von Anfang an wohlf\u00fchlst und wir eine entspannte Zeit miteinander haben. Gleichzeitig lade ich dich ein, offen \u00fcber deine Bed\u00fcrfnisse, W\u00fcnsche und Fantasien zu sprechen.<\/p>\n<\/details>\n\n\n\n<details class=\"wp-block-details is-layout-flow wp-container-core-details-is-layout-3 wp-block-details-is-layout-flow tw-has-icon\" style=\"border-bottom-width:1px;padding-top:20px;padding-bottom:20px\"><summary>Was kann ich tun, wenn mir etwas nicht gef\u00e4llt?<svg class=\"details-arrow\" xmlns=\"http:\/\/www.w3.org\/2000\/svg\" width=\"24\" height=\"24\" viewBox=\"0 0 24 24\" version=\"1.1\" aria-hidden=\"true\" focusable=\"false\"><path d=\"m12 15.375-6-6 1.4-1.4 4.6 4.6 4.6-4.6 1.4 1.4-6 6Z\"><\/path><\/svg><\/summary>\n<p>Ich achte sehr auf deine nonverbalen Signale und sch\u00e4tze auch sehr, wenn du mir sagst, wenn dir etwas nicht gef\u00e4llt. Eine ehrliche Kommunikation ist mir wichtig, um deine Grenzen zu wahren, genauso wie ich meine eigenen achte. Falls du nicht so viel Erfahrung im Grenzensetzen hast, gibt es sch\u00f6ne, spielerische \u00dcbungen, die wir am Anfang gemeinsam machen k\u00f6nnen. Ich kommuniziere auch w\u00e4hrend des Dates mit dir und frage nach, wie es dir geht. Wir k\u00f6nnen jederzeit pausieren. Mir ist es wichtig, dass du dich jederzeit sicher und wohl f\u00fchlst.<\/p>\n<\/details>\n\n\n\n<details class=\"wp-block-details is-layout-flow wp-container-core-details-is-layout-4 wp-block-details-is-layout-flow tw-has-icon\" style=\"border-bottom-width:1px;padding-top:20px;padding-bottom:20px\"><summary>Was muss ich erz\u00e4hlen bei der Kontaktaufnahme?<svg class=\"details-arrow\" xmlns=\"http:\/\/www.w3.org\/2000\/svg\" width=\"24\" height=\"24\" viewBox=\"0 0 24 24\" version=\"1.1\" aria-hidden=\"true\" focusable=\"false\"><path d=\"m12 15.375-6-6 1.4-1.4 4.6 4.6 4.6-4.6 1.4 1.4-6 6Z\"><\/path><\/svg><\/summary>\n<p>Du erreichst mich \u00fcber verschiedene Kan\u00e4le:<\/p>\n\n\n\n<ul class=\"wp-block-list\">\n<li>Kontaktformular: Hier gibt es besonders&#8230;<\/li>\n\n\n\n<li>Wir k\u00f6nnen einen Termin f\u00fcr ein kurzes Telefonat vereinbaren<\/li>\n\n\n\n<li><strong>E-Mail<\/strong>: <a href=\"https:\/\/escort-valentin.com\/kontakt\/#kontakt\">info@escort-valentin.com<\/a>. Bitte stelle dich kurz vor und erz\u00e4hle mir, was dich interessiert und was du dir f\u00fcr unsere gemeinsame Zeit w\u00fcnschst. Oder du hast einfach Fragen, die ich dir gerne beantworte.<\/li>\n\n\n\n<li><strong>Telefon\/WhatsApp<\/strong>: <a href=\"https:\/\/escort-valentin.com\/kontakt\/#kontakt\">+49 176 8492 2930<\/a>. Ich hoffe, ich kann deinen Anruf sofort entgegennehmen. Falls nicht, hinterlasse mir gerne eine kurze Nachricht mit der Bitte um R\u00fcckruf.<\/li>\n<\/ul>\n\n\n\n<p>&#8230;<\/p>\n<\/details>\n\n\n\n<details class=\"wp-block-details is-layout-flow wp-container-core-details-is-layout-5 wp-block-details-is-layout-flow tw-has-icon\" style=\"border-bottom-width:1px;padding-top:20px;padding-bottom:20px\"><summary>Ich buche das erste Mal einen Begleiter und bin nerv\u00f6s.<svg class=\"details-arrow\" xmlns=\"http:\/\/www.w3.org\/2000\/svg\" width=\"24\" height=\"24\" viewBox=\"0 0 24 24\" version=\"1.1\" aria-hidden=\"true\" focusable=\"false\"><path d=\"m12 15.375-6-6 1.4-1.4 4.6 4.6 4.6-4.6 1.4 1.4-6 6Z\"><\/path><\/svg><\/summary>\n<p>Es ist vollkommen normal, beim ersten Mal aufgeregt zu sein. Nimm dir alle Zeit, die du brauchst, um anzukommen. Ich nehme es in die Hand, um daf\u00fcr zu sorgen, dass du dich sicher und wohl f\u00fchlst.<\/p>\n<\/details>\n\n\n\n<details class=\"wp-block-details is-layout-flow wp-container-core-details-is-layout-6 wp-block-details-is-layout-flow tw-has-icon\" style=\"border-bottom-width:1px;padding-top:20px;padding-bottom:20px\"><summary>Was passiert, wenn ich unser Treffen absagen muss?<svg class=\"details-arrow\" xmlns=\"http:\/\/www.w3.org\/2000\/svg\" width=\"24\" height=\"24\" viewBox=\"0 0 24 24\" version=\"1.1\" aria-hidden=\"true\" focusable=\"false\"><path d=\"m12 15.375-6-6 1.4-1.4 4.6 4.6 4.6-4.6 1.4 1.4-6 6Z\"><\/path><\/svg><\/summary>\n<p>Ich bitte darum, unsere Verabredung bis sp\u00e4testens 48 Stunden vor Beginn abzusagen. Bei sp\u00e4teren Absagen behalte ich mir vor, 20 Prozent des Preises einzubehalten.<\/p>\n<\/details>\n\n\n\n<details class=\"wp-block-details is-layout-flow wp-container-core-details-is-layout-7 wp-block-details-is-layout-flow tw-has-icon\" style=\"border-bottom-width:1px;padding-top:20px;padding-bottom:20px\"><summary>Wie l\u00e4uft die Bezahlung ab?<svg class=\"details-arrow\" xmlns=\"http:\/\/www.w3.org\/2000\/svg\" width=\"24\" height=\"24\" viewBox=\"0 0 24 24\" version=\"1.1\" aria-hidden=\"true\" focusable=\"false\"><path d=\"m12 15.375-6-6 1.4-1.4 4.6 4.6 4.6-4.6 1.4 1.4-6 6Z\"><\/path><\/svg><\/summary>\n<p>Sobald wir ein Treffen verabredet haben, kannst du mir das Geld \u00fcberweisen oder du bringst es gleich zu dem Treffen in bar mit.<\/p>\n<\/details>\n\n\n\n<details class=\"wp-block-details is-layout-flow wp-container-core-details-is-layout-8 wp-block-details-is-layout-flow tw-has-icon\" style=\"border-bottom-width:1px;padding-top:20px;padding-bottom:20px\"><summary>An welchen Orten kann ich dich buchen?<svg class=\"details-arrow\" xmlns=\"http:\/\/www.w3.org\/2000\/svg\" width=\"24\" height=\"24\" viewBox=\"0 0 24 24\" version=\"1.1\" aria-hidden=\"true\" focusable=\"false\"><path d=\"m12 15.375-6-6 1.4-1.4 4.6 4.6 4.6-4.6 1.4 1.4-6 6Z\"><\/path><\/svg><\/summary>\n<p>In Berlin bin ich am einfachsten und spontansten zu buchen, doch auch deutschlandweit stehe ich dir f\u00fcr stilvolle und sinnliche Treffen zur Verf\u00fcgung. Und wenn du von fernen Orten tr\u00e4umst, begleite ich dich gerne auch international \u2013 wo immer du mich an deiner Seite w\u00fcnschst.<\/p>\n<\/details>\n\n\n\n<details class=\"wp-block-details is-layout-flow wp-container-core-details-is-layout-9 wp-block-details-is-layout-flow tw-has-icon\" style=\"border-bottom-width:1px;padding-top:20px;padding-bottom:20px\"><summary>Warum kann ich ein Treffen nur pers\u00f6nlich buchen?<svg class=\"details-arrow\" xmlns=\"http:\/\/www.w3.org\/2000\/svg\" width=\"24\" height=\"24\" viewBox=\"0 0 24 24\" version=\"1.1\" aria-hidden=\"true\" focusable=\"false\"><path d=\"m12 15.375-6-6 1.4-1.4 4.6 4.6 4.6-4.6 1.4 1.4-6 6Z\"><\/path><\/svg><\/summary>\n<p>Bevor wir ein Treffen miteinander verabreden, ist es mir wichtig, dass wir uns zumindest kurz per Telefon kennenlernen. So kann ich erfahren, welche W\u00fcnsche und Bed\u00fcrfnisse du mitbringst und unser Treffen entsprechend vorbereiten.<\/p>\n<\/details>\n\n\n\n<details class=\"wp-block-details is-layout-flow wp-container-core-details-is-layout-10 wp-block-details-is-layout-flow tw-has-icon\" style=\"border-bottom-width:1px;padding-top:20px;padding-bottom:20px\"><summary>Ich habe meine Periode.<svg class=\"details-arrow\" xmlns=\"http:\/\/www.w3.org\/2000\/svg\" width=\"24\" height=\"24\" viewBox=\"0 0 24 24\" version=\"1.1\" aria-hidden=\"true\" focusable=\"false\"><path d=\"m12 15.375-6-6 1.4-1.4 4.6 4.6 4.6-4.6 1.4 1.4-6 6Z\"><\/path><\/svg><\/summary>\n<p>Nat\u00fcrlich k\u00f6nnen wir uns w\u00e4hrend deiner Periode treffen. Viele Frauen f\u00fchlen sich in dieser Zeit besonders sensibel, verletzlich oder auch kraftvoll, je nachdem, wie sie diese Phase erleben. Gerade dann ist es wichtig, sich nicht ausgeschlossen oder unwohl zu f\u00fchlen, sondern angenommen und respektiert. Dein K\u00f6rper und deine Gef\u00fchle verdienen zu jeder Zeit Achtung und liebevolle Aufmerksamkeit.<\/p>\n<\/details>\n\n\n\n<details class=\"wp-block-details is-layout-flow wp-container-core-details-is-layout-11 wp-block-details-is-layout-flow tw-has-icon\" style=\"border-bottom-width:1px;padding-top:20px;padding-bottom:20px\"><summary>Ich bin schon ein paar Jahre \u00e4lter.<svg class=\"details-arrow\" xmlns=\"http:\/\/www.w3.org\/2000\/svg\" width=\"24\" height=\"24\" viewBox=\"0 0 24 24\" version=\"1.1\" aria-hidden=\"true\" focusable=\"false\"><path d=\"m12 15.375-6-6 1.4-1.4 4.6 4.6 4.6-4.6 1.4 1.4-6 6Z\"><\/path><\/svg><\/summary>\n<p>Oder ein paar Jahre erfahrener &#8211; je nachdem, von welcher Seite man es sieht. Alter bringt oft eine Tiefe und Ausstrahlung mit sich, die unglaublich anziehend sind. Auch dass du vielleicht jetzt erst wei\u00dft, was du willst, wer du bist und was dir wichtig ist. Alter ist kein Makel, sondern ein Teil dessen, was dich einzigartig macht.<\/p>\n<\/details>\n\n\n\n<details class=\"wp-block-details is-layout-flow wp-container-core-details-is-layout-12 wp-block-details-is-layout-flow tw-has-icon\" style=\"border-bottom-width:1px;padding-top:20px;padding-bottom:20px\"><summary>Ich sch\u00e4me mich f\u00fcr meinen K\u00f6rper.<svg class=\"details-arrow\" xmlns=\"http:\/\/www.w3.org\/2000\/svg\" width=\"24\" height=\"24\" viewBox=\"0 0 24 24\" version=\"1.1\" aria-hidden=\"true\" focusable=\"false\"><path d=\"m12 15.375-6-6 1.4-1.4 4.6 4.6 4.6-4.6 1.4 1.4-6 6Z\"><\/path><\/svg><\/summary>\n<p>\u201eIch f\u00fchle mich dick und unattraktiv.\u201c Solche oder \u00e4hnliche S\u00e4tze sind mir schon mehrfach begegnet. Bitte lass dich von solchen Gef\u00fchlen und Glaubenss\u00e4tzen nicht zur\u00fcckhalten. Eine Buchung bei mir ist f\u00fcr jeden K\u00f6rper und jede K\u00f6rperform. Du bist willkommen, genau so wie du bist. Die liebevolle Annahme und Zuwendung sollte ganz klar jedem K\u00f6rper entgegengebracht werden und ich liebe die Vielfalt und Individualit\u00e4t jedes Menschen, der sich mir anvertraut. Ich erkenne deine besondere Sch\u00f6nheit und habe gro\u00dfe Freude daran, sie dir mitzuteilen.<\/p>\n\n\n\n<p>K\u00f6rperpositivit\u00e4t bedeutet, sich selbst und andere unabh\u00e4ngig von K\u00f6rperform, Gr\u00f6\u00dfe oder Aussehen zu akzeptieren und zu sch\u00e4tzen. Auch dein K\u00f6rper ist einzigartig und ich sehe deine Sch\u00f6nheit. Ich liebe die Vielfalt menschlicher K\u00f6rper. <\/p>\n<\/details>\n\n\n\n<details class=\"wp-block-details is-layout-flow wp-container-core-details-is-layout-13 wp-block-details-is-layout-flow tw-has-icon\" style=\"border-bottom-width:1px;padding-top:20px;padding-bottom:20px\"><summary>Wie stellst du die Diskretion sicher?<svg class=\"details-arrow\" xmlns=\"http:\/\/www.w3.org\/2000\/svg\" width=\"24\" height=\"24\" viewBox=\"0 0 24 24\" version=\"1.1\" aria-hidden=\"true\" focusable=\"false\"><path d=\"m12 15.375-6-6 1.4-1.4 4.6 4.6 4.6-4.6 1.4 1.4-6 6Z\"><\/path><\/svg><\/summary>\n<p>Diskretion ist f\u00fcr mich selbstverst\u00e4ndlich und sehr wichtig. Alles, was zwischen uns passiert, bleibt absolut vertraulich. Ich achte darauf, dass keine pers\u00f6nlichen Informationen oder Details nach au\u00dfen dringen. Unsere Begegnung bleibt unser gemeinsames, privates Erlebnis, und du kannst dich darauf verlassen, dass ich deine Privatsph\u00e4re respektiere und wahre.<\/p>\n<\/details>\n\n\n\n<details class=\"wp-block-details is-layout-flow wp-container-core-details-is-layout-14 wp-block-details-is-layout-flow tw-has-icon\" style=\"border-bottom-width:1px;padding-top:20px;padding-bottom:20px\"><summary>Ist es Fremdgehen, wenn ich dich buche?<svg class=\"details-arrow\" xmlns=\"http:\/\/www.w3.org\/2000\/svg\" width=\"24\" height=\"24\" viewBox=\"0 0 24 24\" version=\"1.1\" aria-hidden=\"true\" focusable=\"false\"><path d=\"m12 15.375-6-6 1.4-1.4 4.6 4.6 4.6-4.6 1.4 1.4-6 6Z\"><\/path><\/svg><\/summary>\n<p>Es kommt ganz auf die Werte und Absprachen in deiner eigenen Beziehung an. F\u00fcr manche Menschen k\u00f6nnte es als Fremdgehen empfunden werden, wenn intime oder erotische Momente mit einer anderen Person geteilt werden, selbst wenn es sich um eine bezahlte Begleitung handelt. Es gibt jedoch auch Beziehungen, in denen solche Dinge anders betrachtet werden, vielleicht als unproblematisch, wenn es klare Kommunikation und Verst\u00e4ndnis gibt.<\/p>\n\n\n\n<p>Wenn du dir unsicher bist, k\u00f6nnte es hilfreich sein, einfach in dich zu gehen und zu \u00fcberlegen, was f\u00fcr dich selbst und deine Beziehung wichtig ist. Manchmal ist es auch eine Frage der eigenen Wahrnehmung und der Entscheidung, wie du mit deinen W\u00fcnschen und Bed\u00fcrfnissen umgehst.<\/p>\n<\/details>\n\n\n\n<details class=\"wp-block-details is-layout-flow wp-container-core-details-is-layout-15 wp-block-details-is-layout-flow tw-has-icon\" style=\"border-bottom-width:1px;padding-top:20px;padding-bottom:20px\"><summary>Kann ich dich gemeinsam mit meiner:m Partner:in buchen?<svg class=\"details-arrow\" xmlns=\"http:\/\/www.w3.org\/2000\/svg\" width=\"24\" height=\"24\" viewBox=\"0 0 24 24\" version=\"1.1\" aria-hidden=\"true\" focusable=\"false\"><path d=\"m12 15.375-6-6 1.4-1.4 4.6 4.6 4.6-4.6 1.4 1.4-6 6Z\"><\/path><\/svg><\/summary>\n<p>Nat\u00fcrlich &#8211; wie sch\u00f6n! Das kann f\u00fcr euch ein wundervolles, gemeinsames Erlebnis sein. Lass mich einfach wissen, wie ihr es euch vorstellt, und wir k\u00f6nnen alles nach euren W\u00fcnschen planen. \u00dcbrigens, es w\u00e4re auch eine wunderbare Idee, diese Erfahrung als besonderes Geschenk f\u00fcr deine Partnerperson zu planen \u2013 eine unvergessliche \u00dcberraschung, die ihr gemeinsam genie\u00dfen k\u00f6nnt.<\/p>\n<\/details>\n\n\n\n<details class=\"wp-block-details is-layout-flow wp-container-core-details-is-layout-16 wp-block-details-is-layout-flow tw-has-icon\" style=\"border-bottom-width:1px;padding-top:20px;padding-bottom:20px\"><summary>Geh\u00f6rt zu einem Treffen Sex? <svg class=\"details-arrow\" xmlns=\"http:\/\/www.w3.org\/2000\/svg\" width=\"24\" height=\"24\" viewBox=\"0 0 24 24\" version=\"1.1\" aria-hidden=\"true\" focusable=\"false\"><path d=\"m12 15.375-6-6 1.4-1.4 4.6 4.6 4.6-4.6 1.4 1.4-6 6Z\"><\/path><\/svg><\/summary>\n<p>Unser Treffen kann ganz individuell sein. Sex ist kein Muss. Viel wichtiger ist, dass wir uns wohlf\u00fchlen und gemeinsam herausfinden, was sich f\u00fcr uns beide richtig anf\u00fchlt \u2013 ob sinnliche Gespr\u00e4che, Massagen oder andere sch\u00f6ne Momente.<\/p>\n\n\n\n<p>Sex ist au\u00dferdem vielf\u00e4ltig und bedeutet nicht nur k\u00f6rperliche Vereinigung, sondern kann auch in z\u00e4rtlichen Ber\u00fchrungen, innigen Blicken oder einer tiefen energetischen Verbindung entstehen \u2013 ganz so, wie es sich f\u00fcr uns richtig anf\u00fchlt.<\/p>\n<\/details>\n\n\n\n<details class=\"wp-block-details is-layout-flow wp-container-core-details-is-layout-17 wp-block-details-is-layout-flow tw-has-icon\" style=\"border-bottom-width:1px;padding-top:20px;padding-bottom:20px\"><summary>Bietest du auch BDSM an?<svg class=\"details-arrow\" xmlns=\"http:\/\/www.w3.org\/2000\/svg\" width=\"24\" height=\"24\" viewBox=\"0 0 24 24\" version=\"1.1\" aria-hidden=\"true\" focusable=\"false\"><path d=\"m12 15.375-6-6 1.4-1.4 4.6 4.6 4.6-4.6 1.4 1.4-6 6Z\"><\/path><\/svg><\/summary>\n<p>Ich integriere auch BDSM in unser Treffen. Dazu geh\u00f6ren z.B. Fesselspiele, Spanking, Rollenspiele und sanfte Dominanz. Wenn du spezifische W\u00fcnsche oder Fantasien hast, lass uns dar\u00fcber sprechen, damit es wirklich erf\u00fcllend f\u00fcr dich wird. Wir k\u00f6nnen auch zusammen herausfinden, was sich f\u00fcr uns aufregend anf\u00fchlt.<\/p>\n<\/details>\n<\/div>\n<\/div>\n\n\n\n<div style=\"height:50px\" aria-hidden=\"true\" class=\"wp-block-spacer\"><\/div>\n\n\n\n<div class=\"wp-block-buttons transparent-hover-button is-content-justification-center is-layout-flex wp-container-core-buttons-is-layout-1 wp-block-buttons-is-layout-flex\" style=\"padding-right:var(--wp--preset--spacing--40);padding-left:var(--wp--preset--spacing--40)\">\n<div class=\"wp-block-button has-custom-font-size is-style-outline is-style-outline--3\" style=\"font-size:clamp(1.125rem, 1.125rem + ((1vw - 0.2rem) * 0.158), 1.22rem);\"><a class=\"wp-block-button__link has-contrast-color has-text-color has-link-color has-border-color has-contrast-border-color wp-element-button\" href=\"https:\/\/escort-valentin.com\/de\/kontakt\/\" style=\"border-width:1px;border-radius:100px;padding-right:var(--wp--preset--spacing--40);padding-left:var(--wp--preset--spacing--40)\">KONTAKT<\/a><\/div>\n<\/div>\n\n\n\n<div style=\"height:70px\" aria-hidden=\"true\" class=\"wp-block-spacer\"><\/div>\n\n\n\n<p><\/p>\n","protected":false},"excerpt":{"rendered":"<p>Vielleicht hast du noch Fragen \u2013 oder sp\u00fcrst noch eine gewisse Nervosit\u00e4t. Und bist dir nicht sicher, ob du den Schritt wagen m\u00f6chtest. Das ist v\u00f6llig normal. Hier findest du eine Sammlung von Themen und Fragen, die mir immer wieder begegnen und mit denen du keineswegs allein bist. Und falls dar\u00fcber hinaus noch etwas offenbleibt: [&hellip;]<\/p>\n","protected":false},"author":1,"featured_media":0,"parent":0,"menu_order":0,"comment_status":"closed","ping_status":"closed","template":"","meta":{"ub_ctt_via":"","footnotes":""},"class_list":["post-103","page","type-page","status-publish","hentry"],"featured_image_src":null,"_links":{"self":[{"href":"https:\/\/escort-valentin.com\/de\/wp-json\/wp\/v2\/pages\/103","targetHints":{"allow":["GET"]}}],"collection":[{"href":"https:\/\/escort-valentin.com\/de\/wp-json\/wp\/v2\/pages"}],"about":[{"href":"https:\/\/escort-valentin.com\/de\/wp-json\/wp\/v2\/types\/page"}],"author":[{"embeddable":true,"href":"https:\/\/escort-valentin.com\/de\/wp-json\/wp\/v2\/users\/1"}],"replies":[{"embeddable":true,"href":"https:\/\/escort-valentin.com\/de\/wp-json\/wp\/v2\/comments?post=103"}],"version-history":[{"count":54,"href":"https:\/\/escort-valentin.com\/de\/wp-json\/wp\/v2\/pages\/103\/revisions"}],"predecessor-version":[{"id":3579,"href":"https:\/\/escort-valentin.com\/de\/wp-json\/wp\/v2\/pages\/103\/revisions\/3579"}],"wp:attachment":[{"href":"https:\/\/escort-valentin.com\/de\/wp-json\/wp\/v2\/media?parent=103"}],"curies":[{"name":"wp","href":"https:\/\/api.w.org\/{rel}","templated":true}]}}