{"id":54,"date":"2024-07-23T13:19:27","date_gmt":"2024-07-23T13:19:27","guid":{"rendered":"https:\/\/escort-valentin.com\/?page_id=54"},"modified":"2025-05-29T08:29:19","modified_gmt":"2025-05-29T08:29:19","slug":"angebot","status":"publish","type":"page","link":"http:\/\/escort-valentin.com\/en\/","title":{"rendered":"Valentin &#8211; Sinnliche Begleitung"},"content":{"rendered":"<div class=\"wp-block-group alignfull is-layout-flow wp-block-group-is-layout-flow\" style=\"padding-right:0;padding-left:0\">\n<div class=\"wp-block-cover is-light\" style=\"min-height:600px;aspect-ratio:unset;\"><span aria-hidden=\"true\" class=\"wp-block-cover__background has-background-dim-40 has-background-dim\"><\/span><div class=\"wp-block-cover__inner-container is-layout-flow wp-block-cover-is-layout-flow\">\n<div class=\"wp-block-group sticky-text has-global-padding is-content-justification-left is-layout-constrained wp-container-core-group-is-layout-2 wp-block-group-is-layout-constrained tw-block-animation tw-animation-scale-in\">\n<div class=\"wp-block-group sticky-text has-global-padding is-content-justification-left is-layout-constrained wp-container-core-group-is-layout-1 wp-block-group-is-layout-constrained\">\n<div style=\"height:120px\" aria-hidden=\"true\" class=\"wp-block-spacer\"><\/div>\n\n\n\n<blockquote class=\"wp-block-quote is-style-plain is-layout-flow wp-block-quote-is-layout-flow is-style-plain--2\">\n<p class=\"has-oooh-baby-font-family\" style=\"font-size:clamp(24.034px, 1.502rem + ((1vw - 3.2px) * 1.663), 40px);\">Komm her, ich wei\u00df ein sch\u00f6nes Spiel<em><br><\/em>im dunklen Tal, im Muschelgrund<br>Ich bin so wild nach deinem Erdbeermund<\/p>\n\n\n\n<p class=\"has-text-align-center has-body-font-family\">Fran\u00e7ois Villon<\/p>\n<\/blockquote>\n<\/div>\n\n\n\n<div style=\"height:30px\" aria-hidden=\"true\" class=\"wp-block-spacer\"><\/div>\n<\/div>\n<\/div><\/div>\n<\/div>\n\n\n\n<div class=\"wp-block-group alignfull is-layout-flow wp-block-group-is-layout-flow\" style=\"margin-top:0;margin-bottom:0;padding-top:var(--wp--preset--spacing--40);padding-right:var(--wp--preset--spacing--30);padding-bottom:var(--wp--preset--spacing--40);padding-left:var(--wp--preset--spacing--30)\">\n<div class=\"wp-block-columns alignwide is-layout-flex wp-container-core-columns-is-layout-4 wp-block-columns-is-layout-flex\" style=\"padding-top:0;padding-right:0;padding-bottom:0;padding-left:0\">\n<div class=\"wp-block-column is-layout-flow wp-block-column-is-layout-flow\" style=\"--col-width:50%;flex-basis:50%\"><h1 class=\"wp-block-heading has-contrast-color has-text-color has-link-color has-system-serif-font-family wp-elements-d2805930647b527ac5c258d6209a8744\" id=\"1-was-dich-erwartet\" style=\"font-style:normal;font-weight:500\">Erotik beginnt im Kopf<\/h1>\n\n\n<p class=\"has-contrast-color has-text-color has-link-color wp-elements-43089fc3b49ce34a3cca04f72a594c1a\" style=\"font-size:clamp(1.125rem, 1.125rem + ((1vw - 0.2rem) * 0.158), 1.22rem);line-height:1.9\">Ich freu mich auf eine Begegnung mit dir. Vielleicht bist du ein paar Tage in der Stadt und magst eine unterhaltsame Begleitung ins Theater &#8211; oder in ein sch\u00f6nes Restaurant? In entspannter, angenehmer Atmosph\u00e4re tauchen wir in Gespr\u00e4che ein und entdecken einander. Ich liebe die Macht der Worte \u2013 sie wecken lebendige Bilder in uns und entfalten eine verlockende Sehnsucht nach dem, wovon sie erz\u00e4hlen. Worte sind der Schl\u00fcssel zur Vorfreude, die s\u00fc\u00dfeste aller Gef\u00fchle. Wir sehen uns in die Augen. Du bist f\u00fcr mich der Mittelpunkt. Dir gilt meine ganze Aufmerksamkeit &#8211; ob du selbst erz\u00e4hlen oder lieber zuh\u00f6ren m\u00f6chtest. <\/p>\n\n\n\n<p class=\"has-contrast-color has-text-color has-link-color wp-elements-790871ebd5dc656f5216f5262f49a6de\" style=\"font-size:clamp(1.125rem, 1.125rem + ((1vw - 0.2rem) * 0.158), 1.22rem);line-height:1.9\">Vielleicht haben wir schon am Telefon verabredet, was noch passieren k\u00f6nnte. Vielleicht ist es auch prickelnd, erst im Restaurant dar\u00fcber zu sprechen. Vielleicht magst du es sogar, wenn das Vorspiel bereits im Restaurant beginnt\u2026 Ich r\u00fccke n\u00e4her an dich heran. Langsam lehne ich mich dir entgegen und lege meinen Mund sanft an dein Ohr. Ich bin dir jetzt ganz nah. Du lauscht gespannt meinem Fl\u00fcstern. Ich streichle dir \u00fcber die Hand. Mit ruhiger, verf\u00fchrerischer Stimme erz\u00e4hle ich dir, wie der Abend weitergehen k\u00f6nnte.<\/p>\n<\/div>\n\n\n\n<div class=\"wp-block-column is-vertically-aligned-center is-layout-flow wp-block-column-is-layout-flow\" style=\"--col-width:50%;flex-basis:50%\">\n<div class=\"wp-block-columns is-layout-flex wp-container-core-columns-is-layout-3 wp-block-columns-is-layout-flex\">\n<div class=\"wp-block-column is-layout-flow wp-block-column-is-layout-flow\" style=\"--col-width:10%;flex-basis:10%\"><\/div>\n\n\n\n<div class=\"wp-block-column is-vertically-aligned-top is-layout-flow wp-block-column-is-layout-flow\" style=\"--col-width:80%;flex-basis:80%\">\n<div class=\"wp-block-group has-global-padding is-layout-constrained wp-block-group-is-layout-constrained\">\n<div class=\"wp-block-flipbox-block-flipbox flip-box-block\" style=\"height:624px\"><div class=\"flip-box-block-innner\">\n<div class=\"wp-block-flipbox-block-flipbox-front flip-box-block-front\"><div class=\"flip-box-block-front-inner is-layout-flow wp-block-flipbox-front-is-layout-flow\">\n<div class=\"wp-block-cover alignwide is-light is-style-default wp-duotone-unset-4\" style=\"border-radius:0px;margin-top:0;margin-bottom:0;padding-top:0;padding-right:0;padding-bottom:0;padding-left:0;min-height:613px;aspect-ratio:unset;\"><span aria-hidden=\"true\" class=\"wp-block-cover__background has-contrast-background-color has-background-dim-0 has-background-dim\"><\/span><div class=\"wp-block-cover__inner-container is-layout-flow wp-block-cover-is-layout-flow\">\n<div class=\"wp-block-buttons transparent-hover-button is-content-justification-center is-layout-flex wp-container-core-buttons-is-layout-1 wp-block-buttons-is-layout-flex tw-block-animation tw-animation-fade-in-up tw-duration-5\" style=\"padding-right:var(--wp--preset--spacing--40);padding-left:var(--wp--preset--spacing--40)\">\n<div class=\"wp-block-button has-custom-font-size is-style-outline is-style-outline--3\" style=\"font-size:clamp(1.125rem, 1.125rem + ((1vw - 0.2rem) * 0.158), 1.22rem);\"><a class=\"wp-block-button__link has-base-color has-text-color has-link-color has-border-color has-base-border-color wp-element-button\" href=\"https:\/\/escort-valentin.com\/en\/ueber-mich-massage-berlin\/\" style=\"border-width:1px;border-radius:100px;padding-right:var(--wp--preset--spacing--40);padding-left:var(--wp--preset--spacing--40)\">\u00dcBER MICH<\/a><\/div>\n<\/div>\n<\/div><\/div>\n<\/div><\/div>\n\n\n\n<div class=\"wp-block-flipbox-block-flipbox-back flip-box-block-back\"><div class=\"flip-box-block-back-inner is-layout-flow wp-block-flipbox-back-is-layout-flow\">\n<div class=\"wp-block-columns is-layout-flex wp-container-core-columns-is-layout-1 wp-block-columns-is-layout-flex\">\n<div class=\"wp-block-column is-layout-flow wp-block-column-is-layout-flow\" style=\"--col-width:20%;flex-basis:20%\"><\/div>\n\n\n\n<div class=\"wp-block-column is-layout-flow wp-block-column-is-layout-flow\" style=\"--col-width:80%;flex-basis:80%\">\n<figure class=\"wp-block-image size-full\"><img loading=\"lazy\" decoding=\"async\" width=\"1536\" height=\"1024\" src=\"https:\/\/escort-valentin.com\/wp-content\/uploads\/2025\/05\/ChatGPT-Image-17.-Mai-2025-16_23_22.png\" alt=\"\" class=\"wp-image-3058\" srcset=\"https:\/\/escort-valentin.com\/wp-content\/uploads\/2025\/05\/ChatGPT-Image-17.-Mai-2025-16_23_22.png 1536w, https:\/\/escort-valentin.com\/wp-content\/uploads\/2025\/05\/ChatGPT-Image-17.-Mai-2025-16_23_22-300x200.png 300w, https:\/\/escort-valentin.com\/wp-content\/uploads\/2025\/05\/ChatGPT-Image-17.-Mai-2025-16_23_22-1024x683.png 1024w, https:\/\/escort-valentin.com\/wp-content\/uploads\/2025\/05\/ChatGPT-Image-17.-Mai-2025-16_23_22-768x512.png 768w, https:\/\/escort-valentin.com\/wp-content\/uploads\/2025\/05\/ChatGPT-Image-17.-Mai-2025-16_23_22-18x12.png 18w\" sizes=\"auto, (max-width: 1536px) 100vw, 1536px\" \/><\/figure>\n<\/div>\n<\/div>\n\n\n\n<div class=\"wp-block-buttons transparent-hover-button is-content-justification-center is-layout-flex wp-container-core-buttons-is-layout-2 wp-block-buttons-is-layout-flex tw-block-animation tw-animation-fade-in-up tw-duration-5\" style=\"padding-right:var(--wp--preset--spacing--40);padding-left:var(--wp--preset--spacing--40)\">\n<div class=\"wp-block-button has-custom-font-size is-style-outline is-style-outline--5\" style=\"font-size:clamp(1.125rem, 1.125rem + ((1vw - 0.2rem) * 0.158), 1.22rem);\"><a class=\"wp-block-button__link has-contrast-color has-text-color has-link-color has-border-color has-contrast-border-color wp-element-button\" href=\"https:\/\/escort-valentin.com\/en\/ueber-mich-massage-berlin\/\" style=\"border-width:1px;border-radius:100px;padding-right:var(--wp--preset--spacing--40);padding-left:var(--wp--preset--spacing--40)\">\u00dcBER MICH<\/a><\/div>\n<\/div>\n\n\n\n<div class=\"wp-block-columns are-vertically-aligned-center is-layout-flex wp-container-core-columns-is-layout-2 wp-block-columns-is-layout-flex\">\n<div class=\"wp-block-column is-vertically-aligned-center is-layout-flow wp-block-column-is-layout-flow\" style=\"--col-width:40%;flex-basis:40%\">\n<figure class=\"wp-block-image size-full\"><img loading=\"lazy\" decoding=\"async\" width=\"1024\" height=\"1024\" src=\"https:\/\/escort-valentin.com\/wp-content\/uploads\/2025\/05\/Tintenblecks.png\" alt=\"\" class=\"wp-image-3020\" srcset=\"https:\/\/escort-valentin.com\/wp-content\/uploads\/2025\/05\/Tintenblecks.png 1024w, https:\/\/escort-valentin.com\/wp-content\/uploads\/2025\/05\/Tintenblecks-300x300.png 300w, https:\/\/escort-valentin.com\/wp-content\/uploads\/2025\/05\/Tintenblecks-150x150.png 150w, https:\/\/escort-valentin.com\/wp-content\/uploads\/2025\/05\/Tintenblecks-768x768.png 768w, https:\/\/escort-valentin.com\/wp-content\/uploads\/2025\/05\/Tintenblecks-12x12.png 12w\" sizes=\"auto, (max-width: 1024px) 100vw, 1024px\" \/><\/figure>\n<\/div>\n\n\n\n<div class=\"wp-block-column is-vertically-aligned-center is-layout-flow wp-block-column-is-layout-flow\" style=\"--col-width:60%;flex-basis:60%\"><\/div>\n<\/div>\n<\/div><\/div>\n<\/div><\/div>\n<\/div>\n<\/div>\n\n\n\n<div class=\"wp-block-column is-layout-flow wp-block-column-is-layout-flow\" style=\"--col-width:10%;flex-basis:10%\"><\/div>\n<\/div>\n<\/div>\n<\/div>\n<\/div>\n\n\n\n<div class=\"wp-block-group alignfull is-layout-flow wp-block-group-is-layout-flow\" style=\"margin-top:0;margin-bottom:0;padding-top:0;padding-right:var(--wp--preset--spacing--30);padding-bottom:0;padding-left:var(--wp--preset--spacing--30)\">\n<div class=\"wp-block-columns alignwide is-layout-flex wp-container-core-columns-is-layout-8 wp-block-columns-is-layout-flex\" style=\"padding-top:0;padding-right:0;padding-bottom:0;padding-left:0\">\n<div class=\"wp-block-column is-vertically-aligned-center is-layout-flow wp-block-column-is-layout-flow\">\n<div class=\"wp-block-columns is-layout-flex wp-container-core-columns-is-layout-7 wp-block-columns-is-layout-flex\">\n<div class=\"wp-block-column is-layout-flow wp-block-column-is-layout-flow\" style=\"--col-width:10%;flex-basis:10%\"><\/div>\n\n\n\n<div class=\"wp-block-column is-vertically-aligned-center is-layout-flow wp-block-column-is-layout-flow\" style=\"--col-width:80%;flex-basis:80%\">\n<div class=\"wp-block-group has-global-padding is-layout-constrained wp-block-group-is-layout-constrained\">\n<div class=\"wp-block-flipbox-block-flipbox flip-box-block\" style=\"height:624px\"><div class=\"flip-box-block-innner\">\n<div class=\"wp-block-flipbox-block-flipbox-front flip-box-block-front\"><div class=\"flip-box-block-front-inner is-layout-flow wp-block-flipbox-front-is-layout-flow\">\n<div class=\"wp-block-cover alignwide is-light is-style-default wp-duotone-unset-7\" style=\"border-radius:0px;margin-top:0;margin-bottom:0;padding-top:0;padding-right:0;padding-bottom:0;padding-left:0;min-height:613px;aspect-ratio:unset;\"><span aria-hidden=\"true\" class=\"wp-block-cover__background has-contrast-background-color has-background-dim-0 has-background-dim\"><\/span><div class=\"wp-block-cover__inner-container is-layout-flow wp-block-cover-is-layout-flow\">\n<div class=\"wp-block-buttons transparent-hover-button is-content-justification-center is-layout-flex wp-container-core-buttons-is-layout-3 wp-block-buttons-is-layout-flex tw-block-animation tw-animation-fade-in-up tw-duration-5\" style=\"padding-right:var(--wp--preset--spacing--40);padding-left:var(--wp--preset--spacing--40)\">\n<div class=\"wp-block-button has-custom-font-size is-style-outline is-style-outline--6\" style=\"font-size:clamp(1.125rem, 1.125rem + ((1vw - 0.2rem) * 0.158), 1.22rem);\"><a class=\"wp-block-button__link has-border-color has-base-border-color wp-element-button\" href=\"https:\/\/escort-valentin.com\/en\/kontakt\/\" style=\"border-width:1px;border-radius:100px;padding-right:var(--wp--preset--spacing--40);padding-left:var(--wp--preset--spacing--40)\">KONTAKT<\/a><\/div>\n<\/div>\n<\/div><\/div>\n<\/div><\/div>\n\n\n\n<div class=\"wp-block-flipbox-block-flipbox-back flip-box-block-back\"><div class=\"flip-box-block-back-inner is-layout-flow wp-block-flipbox-back-is-layout-flow\">\n<div class=\"wp-block-columns is-layout-flex wp-container-core-columns-is-layout-5 wp-block-columns-is-layout-flex\">\n<div class=\"wp-block-column is-layout-flow wp-block-column-is-layout-flow\" style=\"--col-width:33.33%;flex-basis:33.33%\"><\/div>\n\n\n\n<div class=\"wp-block-column is-layout-flow wp-block-column-is-layout-flow\" style=\"--col-width:50%;flex-basis:50%\">\n<figure class=\"wp-block-image size-full\"><img loading=\"lazy\" decoding=\"async\" width=\"1024\" height=\"1024\" src=\"https:\/\/escort-valentin.com\/wp-content\/uploads\/2025\/05\/Tintenblecks.png\" alt=\"\" class=\"wp-image-3020\" srcset=\"https:\/\/escort-valentin.com\/wp-content\/uploads\/2025\/05\/Tintenblecks.png 1024w, https:\/\/escort-valentin.com\/wp-content\/uploads\/2025\/05\/Tintenblecks-300x300.png 300w, https:\/\/escort-valentin.com\/wp-content\/uploads\/2025\/05\/Tintenblecks-150x150.png 150w, https:\/\/escort-valentin.com\/wp-content\/uploads\/2025\/05\/Tintenblecks-768x768.png 768w, https:\/\/escort-valentin.com\/wp-content\/uploads\/2025\/05\/Tintenblecks-12x12.png 12w\" sizes=\"auto, (max-width: 1024px) 100vw, 1024px\" \/><\/figure>\n<\/div>\n<\/div>\n\n\n\n<div class=\"wp-block-buttons transparent-hover-button is-content-justification-center is-layout-flex wp-container-core-buttons-is-layout-4 wp-block-buttons-is-layout-flex tw-block-animation tw-animation-fade-in-up tw-duration-5\" style=\"padding-right:var(--wp--preset--spacing--40);padding-left:var(--wp--preset--spacing--40)\">\n<div class=\"wp-block-button has-custom-font-size is-style-outline is-style-outline--8\" style=\"font-size:clamp(1.125rem, 1.125rem + ((1vw - 0.2rem) * 0.158), 1.22rem);\"><a class=\"wp-block-button__link has-contrast-color has-text-color has-link-color has-border-color has-contrast-border-color wp-element-button\" href=\"https:\/\/escort-valentin.com\/en\/kontakt\/\" style=\"border-width:1px;border-radius:100px;padding-right:var(--wp--preset--spacing--40);padding-left:var(--wp--preset--spacing--40)\">KONTAKT<\/a><\/div>\n<\/div>\n\n\n\n<div class=\"wp-block-columns is-layout-flex wp-container-core-columns-is-layout-6 wp-block-columns-is-layout-flex\">\n<div class=\"wp-block-column is-layout-flow wp-block-column-is-layout-flow\" style=\"--col-width:30%;flex-basis:30%\">\n<figure class=\"wp-block-image size-full\"><img loading=\"lazy\" decoding=\"async\" width=\"1024\" height=\"1024\" src=\"https:\/\/escort-valentin.com\/wp-content\/uploads\/2025\/05\/Tintenblecks.png\" alt=\"\" class=\"wp-image-3020\" srcset=\"https:\/\/escort-valentin.com\/wp-content\/uploads\/2025\/05\/Tintenblecks.png 1024w, https:\/\/escort-valentin.com\/wp-content\/uploads\/2025\/05\/Tintenblecks-300x300.png 300w, https:\/\/escort-valentin.com\/wp-content\/uploads\/2025\/05\/Tintenblecks-150x150.png 150w, https:\/\/escort-valentin.com\/wp-content\/uploads\/2025\/05\/Tintenblecks-768x768.png 768w, https:\/\/escort-valentin.com\/wp-content\/uploads\/2025\/05\/Tintenblecks-12x12.png 12w\" sizes=\"auto, (max-width: 1024px) 100vw, 1024px\" \/><\/figure>\n<\/div>\n\n\n\n<div class=\"wp-block-column is-layout-flow wp-block-column-is-layout-flow\"><\/div>\n<\/div>\n<\/div><\/div>\n<\/div><\/div>\n<\/div>\n<\/div>\n\n\n\n<div class=\"wp-block-column is-layout-flow wp-block-column-is-layout-flow\" style=\"--col-width:10%;flex-basis:10%\"><\/div>\n<\/div>\n<\/div>\n\n\n\n<div class=\"wp-block-column is-layout-flow wp-block-column-is-layout-flow\" style=\"--col-width:50%;flex-basis:50%\"><h1 class=\"wp-block-heading has-contrast-color has-text-color has-link-color has-system-serif-font-family wp-elements-f5a7166e6bb814688959f09a2ecbd4c5\" id=\"1-was-dich-erwartet\" style=\"font-style:normal;font-weight:500\">Die Zimmert\u00fcr schlie\u00dft sich&#8230;<\/h1>\n\n\n<p class=\"has-contrast-color has-text-color has-link-color wp-elements-71468249c433bac0f477b3e9858bab51\" style=\"font-size:clamp(1.125rem, 1.125rem + ((1vw - 0.2rem) * 0.158), 1.22rem);line-height:1.9\">Die Zimmert\u00fcr schlie\u00dft sich und wir sind allein. Mein Blick verr\u00e4t, wie sehr du mich anziehst. Du sp\u00fcrst das Knistern zwischen uns. Dass ich dich begehre, kann ich immer schlechter verbergen. Ich dr\u00fccke dich mit meinem K\u00f6rper gegen die Wand. Ich will dich sp\u00fcren. Jetzt und hier oder auf dem Bett erkunde ich dich mit meinen Lippen und Ber\u00fchrungen. Wir lassen uns in unserem Verlangen treiben. <\/p>\n\n\n\n<p class=\"has-contrast-color has-text-color has-link-color wp-elements-25992457b8428d6f17e05f8f6e4bad99\" style=\"font-size:clamp(1.125rem, 1.125rem + ((1vw - 0.2rem) * 0.158), 1.22rem);line-height:1.9\">Falls dir ein langsamer Start lieber ist, lasse ich uns oder nur dir ein warmes Bad ein. Du darfst dich fallen lassen. Vollkommen. Geborgen. Vielleicht w\u00fcnschst du dir eine sinnliche, z\u00e4rtliche oder kraftvolle Massage. Du darfst in Stille genie\u00dfen. Oder deine W\u00fcnsche \u00e4u\u00dfern \u2013 und meine H\u00e4nde gleiten dorthin, wo es dir gef\u00e4llt.<\/p>\n\n\n\n<p class=\"has-contrast-color has-text-color has-link-color wp-elements-4a2c5923f4c41c5de18bb117f15762c0\" style=\"font-size:clamp(1.125rem, 1.125rem + ((1vw - 0.2rem) * 0.158), 1.22rem);line-height:1.9\">Es macht mich an, dir Lust zu machen &#8211; und ich bin sehr neugierig, herauszufinden, wie. Vielleicht lebst du mit mir eine bestimmte Seite an dir aus. Oder du entdeckst mit mir etwas v\u00f6llig Neues? Vielleicht wei\u00dft du genau, was du willst. Oder ich f\u00fchre und \u00fcberrasche dich? Vielleicht zieht dich sogar ein sinnliches Rollenspiel zwischen Dominanz und Hingabe an. Oder ich bleibe einfach dein Begleiter f\u00fcr ein unterhaltsames Abendessen.<\/p>\n\n\n\n<p class=\"has-contrast-color has-text-color has-link-color wp-elements-81a45a9cc70e610ba1e27fa679f6d6a9\" style=\"font-size:clamp(1.125rem, 1.125rem + ((1vw - 0.2rem) * 0.158), 1.22rem);line-height:1.9\">Was auch immer du m\u00f6chtest: Es ist das Besondere an dir, das mich so anzieht. Ich m\u00f6chte es entdecken. Du bist eine eigene Welt f\u00fcr mich.<\/p>\n<\/div>\n<\/div>\n<\/div>\n\n\n\n<p><\/p>","protected":false},"excerpt":{"rendered":"<p>Erotik beginnt im Kopf Ich freu mich auf eine Begegnung mit dir. Vielleicht bist du ein paar Tage in der Stadt und magst eine unterhaltsame Begleitung ins Theater &#8211; oder in ein sch\u00f6nes Restaurant? In entspannter, angenehmer Atmosph\u00e4re tauchen wir in Gespr\u00e4che ein und entdecken einander. Ich liebe die Macht der Worte \u2013 sie wecken [&hellip;]<\/p>\n","protected":false},"author":1,"featured_media":0,"parent":0,"menu_order":0,"comment_status":"closed","ping_status":"closed","template":"","meta":{"ub_ctt_via":"","footnotes":""},"class_list":["post-54","page","type-page","status-publish","hentry"],"featured_image_src":null,"_links":{"self":[{"href":"http:\/\/escort-valentin.com\/en\/wp-json\/wp\/v2\/pages\/54","targetHints":{"allow":["GET"]}}],"collection":[{"href":"http:\/\/escort-valentin.com\/en\/wp-json\/wp\/v2\/pages"}],"about":[{"href":"http:\/\/escort-valentin.com\/en\/wp-json\/wp\/v2\/types\/page"}],"author":[{"embeddable":true,"href":"http:\/\/escort-valentin.com\/en\/wp-json\/wp\/v2\/users\/1"}],"replies":[{"embeddable":true,"href":"http:\/\/escort-valentin.com\/en\/wp-json\/wp\/v2\/comments?post=54"}],"version-history":[{"count":418,"href":"http:\/\/escort-valentin.com\/en\/wp-json\/wp\/v2\/pages\/54\/revisions"}],"predecessor-version":[{"id":3600,"href":"http:\/\/escort-valentin.com\/en\/wp-json\/wp\/v2\/pages\/54\/revisions\/3600"}],"wp:attachment":[{"href":"http:\/\/escort-valentin.com\/en\/wp-json\/wp\/v2\/media?parent=54"}],"curies":[{"name":"wp","href":"https:\/\/api.w.org\/{rel}","templated":true}]}}